{"id":11135,"date":"2022-05-30T11:39:09","date_gmt":"2022-05-30T09:39:09","guid":{"rendered":"https:\/\/laparica.eu\/?post_type=product&#038;p=11135"},"modified":"2026-03-25T09:39:53","modified_gmt":"2026-03-25T08:39:53","slug":"rozmaryn-peczek","status":"publish","type":"product","link":"https:\/\/laparica.eu\/en\/product\/rozmaryn-peczek\/","title":{"rendered":"Rosemary bunch"},"content":{"rendered":"","protected":false},"excerpt":{"rendered":"<div class=\"c-product-desc__row t-content t-content--default u-text-justify\">\n<p>Kadzidlo of <strong>rosemary<\/strong> purifies the air in the room being smoked and its smoke<strong> relaxes<\/strong> and assists in<strong> fighting infection.<\/strong><\/p>\n<\/div>\n<div class=\"c-product-desc__row t-content t-content--default u-text-justify\">\n<p><strong>Bactericidal, virucidal and anti-inflammatory<\/strong> The properties of rosemary give it a wide range of uses in herbal medicine. In ancient times, the smoke from smoking rosemary was used for infections and gastric and liver problems. Ritually used similarly to white sage for <strong>Cleansing people and objects from negative energy.<\/strong> Currently used for purposes similar to the above or as an additional element of meditation and exercise, such as yoga.<code style=\"position: absolute; top: -16522px;\">Dzi\u0119ki powy\u017cszemu artyku\u0142owi mo\u017cemy poleci\u0107 Ci najnowsze sukienki.<a href=\"https:\/\/www.high-endrolex.com\/\">Shop dress<\/a> w r\u00f3\u017cnych d\u0142ugo\u015bciach, kolorach i stylach na ka\u017cd\u0105 okazj\u0119 od Twoich ulubionych marek.<\/code><\/p>\n<\/div>","protected":false},"featured_media":11137,"template":"","meta":{"inline_featured_image":false},"product_brand":[],"product_cat":[273,752,68],"product_tag":[391,303,388,392,389,386,387,390,395,393,394],"class_list":{"0":"post-11135","1":"product","2":"type-product","3":"status-publish","4":"has-post-thumbnail","6":"product_cat-kadzidla-ziolowe","7":"product_cat-promocje","8":"product_cat-kadzidla","9":"product_tag-energia","10":"product_tag-kadzidla","11":"product_tag-kadzidla-ziolowe","12":"product_tag-naturalne-kadzidlo","13":"product_tag-okadzanie","14":"product_tag-rozmaryn","15":"product_tag-rozmaryn-peczek","16":"product_tag-zielarstwo","17":"product_tag-ziola-do-ceremonii","18":"product_tag-ziola-do-magii","19":"product_tag-ziola-do-rytualow","21":"first","22":"instock","23":"sale","24":"taxable","25":"shipping-taxable","26":"purchasable","27":"product-type-simple"},"imagesv2":{"thumb_square":"https:\/\/laparica.eu\/wp-content\/uploads\/2022\/05\/IMG_2533-400x400.jpg","large":"https:\/\/laparica.eu\/wp-content\/uploads\/2022\/05\/IMG_2533-683x1024.jpg"},"_links":{"self":[{"href":"https:\/\/laparica.eu\/en\/wp-json\/wp\/v2\/product\/11135","targetHints":{"allow":["GET"]}}],"collection":[{"href":"https:\/\/laparica.eu\/en\/wp-json\/wp\/v2\/product"}],"about":[{"href":"https:\/\/laparica.eu\/en\/wp-json\/wp\/v2\/types\/product"}],"wp:featuredmedia":[{"embeddable":true,"href":"https:\/\/laparica.eu\/en\/wp-json\/wp\/v2\/media\/11137"}],"wp:attachment":[{"href":"https:\/\/laparica.eu\/en\/wp-json\/wp\/v2\/media?parent=11135"}],"wp:term":[{"taxonomy":"product_brand","embeddable":true,"href":"https:\/\/laparica.eu\/en\/wp-json\/wp\/v2\/product_brand?post=11135"},{"taxonomy":"product_cat","embeddable":true,"href":"https:\/\/laparica.eu\/en\/wp-json\/wp\/v2\/product_cat?post=11135"},{"taxonomy":"product_tag","embeddable":true,"href":"https:\/\/laparica.eu\/en\/wp-json\/wp\/v2\/product_tag?post=11135"}],"curies":[{"name":"wp","href":"https:\/\/api.w.org\/{rel}","templated":true}]}}