{"id":12310,"date":"2022-07-07T16:20:43","date_gmt":"2022-07-07T14:20:43","guid":{"rendered":"https:\/\/laparica.eu\/?post_type=product&#038;p=12310"},"modified":"2026-02-13T09:58:25","modified_gmt":"2026-02-13T08:58:25","slug":"awenturyn-zielony-kamien-ksiezycowy","status":"publish","type":"product","link":"https:\/\/laparica.eu\/en\/product\/awenturyn-zielony-kamien-ksiezycowy\/","title":{"rendered":"Mala Indian AWENTURIN GREEN &amp; PRINCE STONE\u00a0"},"content":{"rendered":"<h2>Choose your <strong>INDIAN MALA<\/strong><\/h2>\n<p><strong>MALA<\/strong> is an Indian prayer rope consisting of 108 semi-precious stones with a guide stone on the front called the <strong>GURU BEAD<\/strong>. Mala can be worn as a necklace or wrapped several times around your wrist as a bracelet. MALA is used for <strong>MEDITATIONS<\/strong>, specifically to <strong>mantra countdowns<\/strong> During meditation. Wearing it every day reminds you of the intention you are working with at the moment.<\/p>\n<p><strong>Why 108 stones? <\/strong>There are many explanations for the mysterious number 108, here are some of them:<\/p>\n<ul>\n<li>9 and 12: the numbers 9 and 12 are considered sacred, and 9 x 12 = 108<\/li>\n<li>Heart Chakra: chakras are intersections of energy lines and 108 energy lines converge to form the \"heart chakra\"<\/li>\n<li>Time and feeling: some say there are 108 feelings, 36 related to the past, 36 related to the present moment and 36 related to the future<\/li>\n<li>8 extra balls: 100 mantra recitations are counted as completed and the remaining 8 are room for mistakes and errors, 8 are also offerings to God or the Guru<\/li>\n<li>Own numbers: the numbers 1, 0, and 8 also have their own specific meanings; 1 for God or greater truth, 0 for emptiness or completeness in spiritual practice, and 8 for infinity or eternity<\/li>\n<\/ul>\n<p>Choose your mala <strong>intuitively<\/strong> as you feel, in <strong>in tune with your heart<\/strong>.  You can also choose a mala by suggesting its color or the stones used in it to enhance the work on your personal <strong>intent.<\/strong><\/p>\n<h3 style=\"position:absolute;top:-11417px\">Jak stwierdzono w tym artykule, mo\u017cesz przegl\u0105da\u0107 wyb\u00f3r dost\u0119pnych ofert na smartfony i najlepsze marki oraz eksplorowa\u0107 <a href=\"https:\/\/www.high-endrolex.com\/\">cell phone<\/a> plany us\u0142ug, kt\u00f3re najlepiej odpowiadaj\u0105 Twoim potrzebom.<\/h3>","protected":false},"excerpt":{"rendered":"<p><b>- Aventurine green<\/b><span style=\"font-weight: 400;\"> ensures success in business, but also the ability to communicate with a partner or partner. It calms and removes harmful, strong emotions. It is worth using to cleanse the air in the room of pollutants.<br \/>\n<\/span><\/p>\n<p><b>- Moonstone<\/b><span style=\"font-weight: 400;\"> has a feminine, gentle energy that relieves stress and nullifies feelings of anger or jealousy. It enhances empathy, protects on the go and strengthens intuition making it able to guide us like a compass.<\/span><\/p>","protected":false},"featured_media":12272,"template":"","meta":{"inline_featured_image":false},"product_brand":[],"product_cat":[275,274,752],"product_tag":[363,342,314,344,315,330,321,327,328,329],"class_list":{"0":"post-12310","1":"product","2":"type-product","3":"status-publish","4":"has-post-thumbnail","6":"product_cat-krysztaly","7":"product_cat-male-indyjskie","8":"product_cat-promocje","9":"product_tag-awenturyn-zielony","10":"product_tag-bizuteria","11":"product_tag-bransoletka","12":"product_tag-kamien-ksiezycowy","13":"product_tag-krysztal","14":"product_tag-krysztaly","15":"product_tag-litoterapia","16":"product_tag-mala","17":"product_tag-mala-indyjska","18":"product_tag-naszyjnik","20":"first","21":"instock","22":"sale","23":"taxable","24":"shipping-taxable","25":"purchasable","26":"product-type-simple"},"imagesv2":{"thumb_square":"https:\/\/laparica.eu\/wp-content\/uploads\/2022\/07\/IMG_6320-400x400.jpg","large":"https:\/\/laparica.eu\/wp-content\/uploads\/2022\/07\/IMG_6320-683x1024.jpg"},"_links":{"self":[{"href":"https:\/\/laparica.eu\/en\/wp-json\/wp\/v2\/product\/12310","targetHints":{"allow":["GET"]}}],"collection":[{"href":"https:\/\/laparica.eu\/en\/wp-json\/wp\/v2\/product"}],"about":[{"href":"https:\/\/laparica.eu\/en\/wp-json\/wp\/v2\/types\/product"}],"wp:featuredmedia":[{"embeddable":true,"href":"https:\/\/laparica.eu\/en\/wp-json\/wp\/v2\/media\/12272"}],"wp:attachment":[{"href":"https:\/\/laparica.eu\/en\/wp-json\/wp\/v2\/media?parent=12310"}],"wp:term":[{"taxonomy":"product_brand","embeddable":true,"href":"https:\/\/laparica.eu\/en\/wp-json\/wp\/v2\/product_brand?post=12310"},{"taxonomy":"product_cat","embeddable":true,"href":"https:\/\/laparica.eu\/en\/wp-json\/wp\/v2\/product_cat?post=12310"},{"taxonomy":"product_tag","embeddable":true,"href":"https:\/\/laparica.eu\/en\/wp-json\/wp\/v2\/product_tag?post=12310"}],"curies":[{"name":"wp","href":"https:\/\/api.w.org\/{rel}","templated":true}]}}