{"id":13268,"date":"2022-08-04T14:25:22","date_gmt":"2022-08-04T12:25:22","guid":{"rendered":"https:\/\/laparica.eu\/?post_type=product&#038;p=13268"},"modified":"2026-03-28T19:29:21","modified_gmt":"2026-03-28T18:29:21","slug":"butelka-miedziana-red","status":"publish","type":"product","link":"https:\/\/laparica.eu\/en\/product\/butelka-miedziana-red\/","title":{"rendered":"Copper Red Bottle"},"content":{"rendered":"<p>The copper bottle is recommended <strong>For drinking water treatment. <\/strong>One of the <strong>ayurvedic<\/strong> <strong>practitioner<\/strong> jest picie wody oczyszczonej i zjonizowanej w miedzianym naczyniu. Woda uzdatniona w miedzianym naczyniu <strong>has a balanced pH, stimulates brain function, aids digestion, has a positive effect on skin condition and prevents cellular aging. <\/strong>It is most beneficial to drink water<strong>\u0119 after waking up,<\/strong> wspomo\u017ce ona metabolizm. Ze wzgl\u0119du na fakt przedostawania si\u0119 cz\u0105steczek miedzi do wody nale\u017cy ograniczy\u0107 si\u0119<strong> Up to two glasses of treated water per day,<\/strong> and after three months of using copperware, it is worth taking a month off.<\/p>\n<p>Copper has a positive effect on:<\/p>\n<ul>\n<li>work <strong>nervous system<\/strong><\/li>\n<li>reinforces <strong>heart<\/strong><\/li>\n<li>improves <strong>resistance<\/strong><\/li>\n<li>smooths<strong> Skin,<\/strong> improves its tone and tension<\/li>\n<li>soothes<strong> joint problems<\/strong><\/li>\n<li>slows down <strong>ageing processes<\/strong><\/li>\n<li>combats <strong>bacteria<br \/>\n<em>You can clean copper bottles with lemon juice mixed with salt. You must dissolve the salt well. Do not pour boiling water into the jug. Copper is subject to oxidation, which manifests itself in a change of color, and even on new dishes there may be discoloration.<\/em><br \/>\n<\/strong><\/li>\n<\/ul>","protected":false},"excerpt":{"rendered":"<p>Copper bottle used for <strong>drinking water treatment<\/strong> has unique properties. According to the teachings of ayurveda<strong> water should be kept in a copper vessel for at least eight hours<\/strong>. During this time, very small amounts of copper dissolve in the water, making the water <strong>Has the ability to self-disinfect,<\/strong> destroying mold, fungi and bacteria.<\/p>","protected":false},"featured_media":15910,"template":"","meta":{"inline_featured_image":false},"product_brand":[],"product_cat":[292,277,669,752],"product_tag":[301,310,296,312,313,298,311],"class_list":{"0":"post-13268","1":"product","2":"type-product","3":"status-publish","4":"has-post-thumbnail","6":"product_cat-artykuly-miedziane","7":"product_cat-dom","8":"product_cat-prezentownik","9":"product_cat-promocje","10":"product_tag-ajurweda","11":"product_tag-artykuly-kuchenne","12":"product_tag-artykuly-miedziane","13":"product_tag-butelka","14":"product_tag-butelka-miedziana","15":"product_tag-naczynia","16":"product_tag-uzdatnianie-wody","18":"first","19":"instock","20":"sale","21":"taxable","22":"shipping-taxable","23":"purchasable","24":"product-type-variable","25":"has-default-attributes"},"imagesv2":{"thumb_square":"https:\/\/laparica.eu\/wp-content\/uploads\/2022\/08\/IMG_7571-400x400.jpg","large":"https:\/\/laparica.eu\/wp-content\/uploads\/2022\/08\/IMG_7571-681x1024.jpg"},"_links":{"self":[{"href":"https:\/\/laparica.eu\/en\/wp-json\/wp\/v2\/product\/13268","targetHints":{"allow":["GET"]}}],"collection":[{"href":"https:\/\/laparica.eu\/en\/wp-json\/wp\/v2\/product"}],"about":[{"href":"https:\/\/laparica.eu\/en\/wp-json\/wp\/v2\/types\/product"}],"wp:featuredmedia":[{"embeddable":true,"href":"https:\/\/laparica.eu\/en\/wp-json\/wp\/v2\/media\/15910"}],"wp:attachment":[{"href":"https:\/\/laparica.eu\/en\/wp-json\/wp\/v2\/media?parent=13268"}],"wp:term":[{"taxonomy":"product_brand","embeddable":true,"href":"https:\/\/laparica.eu\/en\/wp-json\/wp\/v2\/product_brand?post=13268"},{"taxonomy":"product_cat","embeddable":true,"href":"https:\/\/laparica.eu\/en\/wp-json\/wp\/v2\/product_cat?post=13268"},{"taxonomy":"product_tag","embeddable":true,"href":"https:\/\/laparica.eu\/en\/wp-json\/wp\/v2\/product_tag?post=13268"}],"curies":[{"name":"wp","href":"https:\/\/api.w.org\/{rel}","templated":true}]}}