{"id":14392,"date":"2022-09-19T14:24:06","date_gmt":"2022-09-19T12:24:06","guid":{"rendered":"https:\/\/laparica.eu\/?post_type=product&#038;p=14392"},"modified":"2026-04-03T07:39:30","modified_gmt":"2026-04-03T05:39:30","slug":"rape-kuntanawa-nawa","status":"publish","type":"product","link":"https:\/\/laparica.eu\/en\/product\/rape-kuntanawa-nawa\/","title":{"rendered":"Rap\u00e9 KUNTANAWA NAWA"},"content":{"rendered":"<h2>Rap\u00e9 can root the energy, cleanse it and support it in working with intention.<strong><br \/>\n<\/strong><\/h2>\n<p>It's a kind of<strong> Sacred, healing snuff made by tribes in the Acre region of Brazil<\/strong> and used for thousands of years in the Amazon region as a <strong>A powerful yet gentle tool for the soul. <\/strong>Rap\u00e9 to <strong>A blend of Mapacho tobacco powder and tree ash, <\/strong>grated through a very fine sieve to a fine and dry dust in various shades of gray or beige. The process of making rap\u00e9 itself is<strong> mystical and multi-stage, <\/strong>and the ways in which individual plants are prepared often remain<strong> secret of the tribes.\u00a0<\/strong>How rap\u00e9 will work for you depends not only on the specific type of mix, but also on the <strong>From your intention, approach to the ceremony and psychophysical condition<\/strong>, in which you find yourself.<\/p>\n<p><strong><em>Rap\u00e9 can be self-administered using a V-shaped tube called a KURIPE, which you can also buy at Laparica.com <a href=\"https:\/\/laparica.eu\/en\/product-category\/kuripe\/\">HERE<\/a>.<\/em><\/strong><\/p>\n<h2>How does rap\u00e9 work?<\/h2>\n<ul>\n<li>First of all, it clears the nose, sinuses and larynx superbly,<strong> has an antibacterial effect<\/strong><\/li>\n<li><strong>Cleanses and unblocks energy channels<\/strong><\/li>\n<li>thanks to its natural nicotine content <strong>effectively stimulates the brain <\/strong>for the production of epinephrine, acetylcholine and dopamine, the key neurotransmitters responsible for the <strong>attentiveness, focus and concentration<\/strong><\/li>\n<li><strong>Stimulates creative thinking and intuition, allows you to think holistically, holistically. Improves sensation and sharpens the senses<\/strong><\/li>\n<li><strong>It inspires meditation,<\/strong> makes you more <strong>\"here and now\"<\/strong><\/li>\n<li>Shamans emphasize the positive effects of rap\u00e9 on the <strong>decalcification of the pineal gland - a gland that is responsible, among other things, for the production of melatonin and for clairvoyance, clairaudience and lucidity. <\/strong> And while the fact - science has not yet caught up with its evidence of the knowledge of indigenous healers, but there is no denying that the regular intake of rape <strong>Strengthens skills of extrasensory perception and working with intuition<\/strong><\/li>\n<\/ul>\n<p>&nbsp;<\/p>\n<p>Each type of rap\u00e9 works on a particular chakra:<\/p>\n<ul>\n<li><strong>Base chakra<\/strong>\u00a0- Cumaru, Hunikuin, Tsunu, Nukini<\/li>\n<li><strong>Sacral chakra<\/strong>\u00a0- Hayape, Traditional Yawanawa<\/li>\n<li><strong>The plexus chakra<\/strong>\u00a0- Floresta<\/li>\n<li><strong>Heart chakra<\/strong>\u00a0- Rio Croa, Hayape<\/li>\n<li><strong>Throat chakra<\/strong>\u00a0- Cumaru, Tsunu<\/li>\n<li><strong>3rd eye chakra<\/strong>\u00a0- Jarina, Parica, <strong><em>Nave<\/em><\/strong><\/li>\n<li><strong>Crown chakra<\/strong>\u00a0- Jarina, Parica, <strong><em>Nave<\/em><\/strong><\/li>\n<\/ul>\n<h2><\/h2>\n<p>&nbsp;<\/p>","protected":false},"excerpt":{"rendered":"<p>This is not an illusion: <strong>rap\u00e9 really works, that's why you should invite them into your life<\/strong> and let it do the job with what conventional methods can't handle. <strong>Read more about rap\u00e9 on our blog <a href=\"https:\/\/laparica.eu\/en\/rape-poznaj-moc-swietej-tabaki\/\">HERE.<\/a><\/strong><\/p>\n<p><strong>A strong, intense blend with a hint of mint.<\/strong> Rap\u00e9 <strong>CUNTANAWA NAVA<\/strong> Deeply cleanses, gives clarity of vision to situations and illuminates a foggy mind. It is an excellent companion at times when you have a sense of inner confusion. <strong>It brings sobriety of judgment and allows you to look with care at what has been unclear until now.<\/strong><\/p>\n<p><strong>The CUNTANAWA tribe inhabits the banks of the upper Tagus River, in the Alto Juru\u00e1 Mining Reserve (Resex), located on the western edge of Acre state, in the Marechal Thaumaturgo municipality.\u00a0<\/strong>The mixtures of this tribe -\u00a0<a href=\"https:\/\/laparica.eu\/en\/product\/rape-kuntanawa-nawa\/\">Rap\u00e9 KUNTANAWA NAWA<\/a>, <a href=\"https:\/\/laparica.eu\/en\/product\/rape-kuntanawa-tsunu\/\">Rap\u00e9 KUNTANAWA TSUNU.<\/a>, <a href=\"https:\/\/laparica.eu\/en\/product\/rape-kuntanawa-hayape\/\">Rap\u00e9 KUNTANAWA HAYAPE<\/a>, <a href=\"https:\/\/laparica.eu\/en\/product\/rape-kuntanawa-jarina\/\">Rap\u00e9 KUNTANAWA JARINA<\/a> and <a href=\"https:\/\/laparica.eu\/en\/product\/rape-kutanawa-rio-croa\/\">Rap\u00e9 KUTANAWA RIO CROA <\/a>are called Sacred Medicine by the indigenous people, and its varieties differ in composition, proportions and plant composition. The raw materials for rap\u00e9 are harvested, and then dried, only from the tropical forest areas inhabited by the KUNTANAWA tribe, making what some call - sacred snuff - a unique product.<\/p>\n<p><em><span style=\"font-weight: 400;\"><strong> The product is not for consumption. The use and application of this particular product is at the decision, responsibility and risk of the customer.<\/strong> Rap\u00e9 is a plant-based substance. It should be approached with due respect - not as a stimulant for entertainment. It is not a drug or an illegal substance - it is a product that in its pure, natural form you can use or store without any problems. Remember: rap\u00e9 should not be combined with alcohol or used during pregnancy. Due to the nicotine in the mixture, rap\u00e9 can lead to addiction if used too often or like a stimulant. Rap\u00e9 should not be swallowed. <\/span><\/em><\/p>","protected":false},"featured_media":14466,"template":"","meta":{"inline_featured_image":false},"product_brand":[],"product_cat":[646],"product_tag":[658,651,652,650,647,610,654,653,648,649],"class_list":{"0":"post-14392","1":"product","2":"type-product","3":"status-publish","4":"has-post-thumbnail","6":"product_cat-rape","7":"product_tag-658","8":"product_tag-ceremonia","9":"product_tag-ceremonia-rape","10":"product_tag-intencja","11":"product_tag-medycyna-naturalna","12":"product_tag-rape","13":"product_tag-samorozwoj","14":"product_tag-swiadomosc","15":"product_tag-swieta-medycyna","16":"product_tag-tabaka","18":"first","19":"instock","20":"taxable","21":"shipping-taxable","22":"purchasable","23":"product-type-variable"},"imagesv2":{"thumb_square":"https:\/\/laparica.eu\/wp-content\/uploads\/2022\/09\/KUTANAWANANA-scaled-e1663862500932-400x400.jpg","large":"https:\/\/laparica.eu\/wp-content\/uploads\/2022\/09\/KUTANAWANANA-scaled-e1663862500932-755x1024.jpg"},"_links":{"self":[{"href":"https:\/\/laparica.eu\/en\/wp-json\/wp\/v2\/product\/14392","targetHints":{"allow":["GET"]}}],"collection":[{"href":"https:\/\/laparica.eu\/en\/wp-json\/wp\/v2\/product"}],"about":[{"href":"https:\/\/laparica.eu\/en\/wp-json\/wp\/v2\/types\/product"}],"wp:featuredmedia":[{"embeddable":true,"href":"https:\/\/laparica.eu\/en\/wp-json\/wp\/v2\/media\/14466"}],"wp:attachment":[{"href":"https:\/\/laparica.eu\/en\/wp-json\/wp\/v2\/media?parent=14392"}],"wp:term":[{"taxonomy":"product_brand","embeddable":true,"href":"https:\/\/laparica.eu\/en\/wp-json\/wp\/v2\/product_brand?post=14392"},{"taxonomy":"product_cat","embeddable":true,"href":"https:\/\/laparica.eu\/en\/wp-json\/wp\/v2\/product_cat?post=14392"},{"taxonomy":"product_tag","embeddable":true,"href":"https:\/\/laparica.eu\/en\/wp-json\/wp\/v2\/product_tag?post=14392"}],"curies":[{"name":"wp","href":"https:\/\/api.w.org\/{rel}","templated":true}]}}