{"id":18564,"date":"2023-09-20T18:04:00","date_gmt":"2023-09-20T16:04:00","guid":{"rendered":"https:\/\/laparica.eu\/?post_type=product&#038;p=18564"},"modified":"2025-10-04T21:20:49","modified_gmt":"2025-10-04T19:20:49","slug":"kuripe-z-pojemnikiem-na-rape-azure","status":"publish","type":"product","link":"https:\/\/laparica.eu\/en\/product\/kuripe-z-pojemnikiem-na-rape-azure\/","title":{"rendered":"Kuripe with rap\u00e9 container AZURE"},"content":{"rendered":"<h2><strong>What is a kuripe and what is it used for?<\/strong><\/h2>\n<p><span style=\"font-weight: 400;\">Our handmade and hand-painted kuripe are special tutus that <\/span><b>are used for self-application<\/b><b>ji medicine rap\u00e9, or holy snuff<\/b><span style=\"font-weight: 400;\">used by shamans in the Amazon region. The tubes are V-shaped - one end is inserted into the nostril, and the other end is used to blow in a portion of medicine. Ritual of self-giving rape <\/span><span style=\"font-weight: 400;\">You should start from the left nostril (symbolizing death, saying goodbye to what does not serve), then apply snuff through the right nostril, symbolizing rebirth and acceptance of what makes you grow.\u00a0<\/span><\/p>\n<p><b>The ritual of self-submission <\/b><b>rap\u00e9<\/b><b> clears the mind, promotes creativity, allows you to concentrate scattered thoughts, dismisses negative emotions and cuts off external energy. <\/b><span style=\"font-weight: 400;\">Available in Laparica store kuripe are handmade according to Indian tradition and painted in various colors and patterns, decorated with feathers or other elements. They can serve you not only as practical applicators, but also<\/span><b> as a personal, magical talisman that protects against evil<\/b><span style=\"font-weight: 400;\">.<\/span><\/p>","protected":false},"excerpt":{"rendered":"<div class=\"woocommerce-product-details__short-description\">\n<p>Kuripe to <strong>self-submissions <\/strong><b>rap\u00e9 medicine, or sacred snuff. <\/b>It was handmade and carefully decorated by a Polish craftsman. You can also use it as a <strong>personal talisman<\/strong> or ornaments. Hidden in the tip is a container in which to carry rap\u00e9 powder.<\/p>\n<\/div>\n<p>Kuripe wykonywane s\u0105 r\u0119cznie, dlatego poszczeg\u00f3lne modele mog\u0105 nieznacznie r\u00f3\u017cni\u0107 si\u0119 od zaprezentowanego na zdj\u0119ciu.<\/p>\n<div class=\"woocommerce-product-details__short-description\">\n<p>&nbsp;<\/p>\n<\/div>","protected":false},"featured_media":18532,"template":"","meta":{"inline_featured_image":false},"product_brand":[],"product_cat":[56],"product_tag":[366,609,613,617,611,518,610,614,488,612],"class_list":{"0":"post-18564","1":"product","2":"type-product","3":"status-publish","4":"has-post-thumbnail","6":"product_cat-kuripe","7":"product_tag-handmade","8":"product_tag-kuripe","9":"product_tag-kuripe-z-piorkami","10":"product_tag-kuripe-z-pojemnikiem","11":"product_tag-medycyna","12":"product_tag-piora","13":"product_tag-rape","14":"product_tag-recznie-robione","15":"product_tag-rzemieslnik","16":"product_tag-swieta-tabaka","18":"first","19":"outofstock","20":"taxable","21":"shipping-taxable","22":"purchasable","23":"product-type-simple"},"imagesv2":{"thumb_square":"https:\/\/laparica.eu\/wp-content\/uploads\/2023\/05\/male2-e1696536009546-400x400.jpg","large":"https:\/\/laparica.eu\/wp-content\/uploads\/2023\/05\/male2-e1696536009546.jpg"},"_links":{"self":[{"href":"https:\/\/laparica.eu\/en\/wp-json\/wp\/v2\/product\/18564","targetHints":{"allow":["GET"]}}],"collection":[{"href":"https:\/\/laparica.eu\/en\/wp-json\/wp\/v2\/product"}],"about":[{"href":"https:\/\/laparica.eu\/en\/wp-json\/wp\/v2\/types\/product"}],"wp:featuredmedia":[{"embeddable":true,"href":"https:\/\/laparica.eu\/en\/wp-json\/wp\/v2\/media\/18532"}],"wp:attachment":[{"href":"https:\/\/laparica.eu\/en\/wp-json\/wp\/v2\/media?parent=18564"}],"wp:term":[{"taxonomy":"product_brand","embeddable":true,"href":"https:\/\/laparica.eu\/en\/wp-json\/wp\/v2\/product_brand?post=18564"},{"taxonomy":"product_cat","embeddable":true,"href":"https:\/\/laparica.eu\/en\/wp-json\/wp\/v2\/product_cat?post=18564"},{"taxonomy":"product_tag","embeddable":true,"href":"https:\/\/laparica.eu\/en\/wp-json\/wp\/v2\/product_tag?post=18564"}],"curies":[{"name":"wp","href":"https:\/\/api.w.org\/{rel}","templated":true}]}}