{"id":20733,"date":"2025-12-15T21:00:31","date_gmt":"2025-12-15T20:00:31","guid":{"rendered":"https:\/\/laparica.eu\/?post_type=product&#038;p=20733"},"modified":"2026-02-13T20:22:56","modified_gmt":"2026-02-13T19:22:56","slug":"dwustronny-szal-tybetanski-burgundy-blue","status":"publish","type":"product","link":"https:\/\/laparica.eu\/en\/product\/dwustronny-szal-tybetanski-burgundy-blue\/","title":{"rendered":"Dwustronny szal tybeta\u0144ski BURGUNDY &#038; BLUE"},"content":{"rendered":"","protected":false},"excerpt":{"rendered":"<p><strong><span style=\"font-weight: 400;\">Wrap yourself in luxury! Feel the softness and comfort, no matter what situation you are in. <\/span>Original Tibetan yak wool scarves can be worn in many ways<\/strong>It can be used as a warm, practical accessory on cold days or as an elegant complement to a special occasion outfit. I love to cover myself with them like a light blanket and <strong>I can't imagine workshops and travel without them<\/strong> (Brilliantly protect from air conditioning!).<\/p>\n<p><strong>Shawls in 100% made of wool yak<\/strong>They are pleasant to the touch, have thermal insulation properties and are hypoallergenic, which means that even allergy sufferers can wear them. In my store you will find shawls in many different colors - <strong>Choose the one that best resonates with you and the colors that dominate your closet<\/strong>. Or maybe just a Tibetan shawl will be the first step to manifesting optimism in your style?<\/p>\n<p><em>Szale s\u0105 r\u0119cznie tkane i barwione, dlatego ka\u017cdy szal mo\u017ce delikatnie r\u00f3\u017cni\u0107 si\u0119 odcieniem.<\/em><\/p>\n<div class=\"j83agx80 jwdofwj8 pby63qed\" data-testid=\"incoming_group\">\n<div class=\"rj1gh0hx buofh1pr hpfvmrgz\">\n<div role=\"row\">\n<div class=\"\">\n<div class=\"j83agx80 cbu4d94t\">\n<div class=\"j83agx80 jwdofwj8\">\n<div class=\"pfnyh3mw ewlkfwdl bp9cbjyn j83agx80 qnrpqo6b\">\n<div class=\"\">\n<div class=\"lzcic4wl\" tabindex=\"0\" role=\"gridcell\" data-scope=\"messages_table\">\n<div class=\"oajrlxb2 gs1a9yip g5ia77u1 mtkw9kbi tlpljxtp qensuy8j ppp5ayq2 goun2846 ccm00jje s44p3ltw mk2mc5f4 rt8b4zig n8ej3o3l agehan2d sk4xxmp2 rq0escxv nhd2j8a9 j83agx80 mg4g778l btwxx1t3 pfnyh3mw p7hjln8o kvgmc6g5 ozy5gqb7 oygrvhab hcukyx3x tgvbjcpo hpfvmrgz jb3vyjys rz4wbd8a qt6c0cv9 a8nywdso l9j0dhe7 i1ao9s8h esuyzwwr f1sip0of du4w35lb lzcic4wl abiwlrkh p8dawk7l mkd47r93 rgmg9uty\" tabindex=\"-1\" role=\"button\" aria-expanded=\"false\" aria-haspopup=\"menu\" aria-label=\"News activities\">\n<div class=\"n00je7tq arfg74bv qs9ysxi8 k77z8yql i09qtzwb n7fi1qx3 b5wmifdl hzruof5a pmk7jnqg j9ispegn kr520xx4 c5ndavph art1omkt ot9fgl3s\" data-visualcompletion=\"ignore\"><\/div>\n<\/div>\n<\/div>\n<\/div>\n<\/div>\n<div class=\"h9e7qa53 rj1gh0hx buofh1pr\"><\/div>\n<div id=\"jsc_c_11j\" class=\"j83agx80 aovydwv3 rl25f0pe iyic8zgw\" role=\"none\" data-testid=\"messenger_delivery_status\">\n<div class=\"pfnyh3mw pgctjfs5\"><\/div>\n<\/div>\n<\/div>\n<\/div>\n<\/div>\n<\/div>\n<\/div>\n<\/div>\n<div role=\"row\">\n<div class=\"lzcic4wl\" role=\"gridcell\" data-scope=\"messages_table\">\n<div class=\"j83agx80 r8blr3vg\"><\/div>\n<\/div>\n<\/div>","protected":false},"featured_media":20702,"template":"","meta":{"inline_featured_image":false},"product_brand":[],"product_cat":[756,752,57],"product_tag":[],"class_list":{"0":"post-20733","1":"product","2":"type-product","3":"status-publish","4":"has-post-thumbnail","6":"product_cat-zimowe","7":"product_cat-promocje","8":"product_cat-szale","10":"first","11":"instock","12":"sale","13":"taxable","14":"shipping-taxable","15":"purchasable","16":"product-type-simple"},"imagesv2":{"thumb_square":"https:\/\/laparica.eu\/wp-content\/uploads\/2025\/12\/IMG_0624-400x400.jpg","large":"https:\/\/laparica.eu\/wp-content\/uploads\/2025\/12\/IMG_0624-683x1024.jpg"},"_links":{"self":[{"href":"https:\/\/laparica.eu\/en\/wp-json\/wp\/v2\/product\/20733","targetHints":{"allow":["GET"]}}],"collection":[{"href":"https:\/\/laparica.eu\/en\/wp-json\/wp\/v2\/product"}],"about":[{"href":"https:\/\/laparica.eu\/en\/wp-json\/wp\/v2\/types\/product"}],"wp:featuredmedia":[{"embeddable":true,"href":"https:\/\/laparica.eu\/en\/wp-json\/wp\/v2\/media\/20702"}],"wp:attachment":[{"href":"https:\/\/laparica.eu\/en\/wp-json\/wp\/v2\/media?parent=20733"}],"wp:term":[{"taxonomy":"product_brand","embeddable":true,"href":"https:\/\/laparica.eu\/en\/wp-json\/wp\/v2\/product_brand?post=20733"},{"taxonomy":"product_cat","embeddable":true,"href":"https:\/\/laparica.eu\/en\/wp-json\/wp\/v2\/product_cat?post=20733"},{"taxonomy":"product_tag","embeddable":true,"href":"https:\/\/laparica.eu\/en\/wp-json\/wp\/v2\/product_tag?post=20733"}],"curies":[{"name":"wp","href":"https:\/\/api.w.org\/{rel}","templated":true}]}}