{"id":21085,"date":"2026-02-25T21:17:00","date_gmt":"2026-02-25T20:17:00","guid":{"rendered":"https:\/\/laparica.eu\/?post_type=product&#038;p=21085"},"modified":"2026-02-25T21:17:00","modified_gmt":"2026-02-25T20:17:00","slug":"koszula-light-lilac","status":"publish","type":"product","link":"https:\/\/laparica.eu\/en\/product\/koszula-light-lilac\/","title":{"rendered":"Koszula LIGHT LILAC"},"content":{"rendered":"<h2><b>Thailand clothing collection - why is it so special?<\/b><\/h2>\n<p>Do you know that everything you put on yourself creates a beautiful, authentic story about you? <b>Make your clothes not only comfortable and fit you <\/b>- Let them become your personal manifesto that allows you to carry your good intentions, energy and potential into the world without words. I don't know if you will agree with me, but in my opinion nothing works like colors and <b>Nothing has as much power as handmade things made from the highest quality materials<\/b>. That's why in my store Laparica you will find a collection created from beginning to end in Thailand, imbued with the unique atmosphere of this place and the energy of the people who with their own hands refine every detail of the clothes that I order for you.<\/p>\n<p>What sets them apart?<b> To say it all, is ... to say far too little.<\/b>\u00a0 By: Unique tie-dye prints, artful prints, saturated colors and cuts that will work for all situations in your life, from a weekend out of town or a festival to a coffee with friends. Plus great fabrics: rayon (called a nobler variety of viscose) and 100% cotton. These dresses, jumpsuits, tops and skirts<b> you will wear with pleasure feeling how they affect your mood<\/b>. I check it out on myself every day because I am a loyal fan of this collection!<\/p>\n<p>&nbsp;<\/p>","protected":false},"excerpt":{"rendered":"<p>Te koszule przywioz\u0142am prosto z Tajlandii. Lekkie,<strong> s\u0105 p\u00f3\u0142przezroczyste i\u00a0uszyte w<\/strong> <strong data-start=\"82\" data-end=\"111\">100% z naturalnej bawe\u0142ny<\/strong> \u2013 idealne na upa\u0142y i gor\u0105ce dni. Czy mo\u017ce by\u0107 co\u015b wygodniejszego od lekkiej, przewiewnej i niekr\u0119puj\u0105cej ruch\u00f3w koszuli o komfortowym, szerokim kroju? Mo\u017cesz zarzuci\u0107 je na top, kostium k\u0105pielowy albo nosi\u0107 solo na co dzie\u0144. Oddychaj\u0105ce, mi\u0119kkie, swobodne \u2013 dok\u0142adnie takie, jakie powinny by\u0107 letnie rzeczy \ud83c\udf3f<\/p>\n<p><strong>Materia\u0142: 100% bawe\u0142na.\u00a0<\/strong><\/p>\n<p><strong>UWAGA: Koszule przywioz\u0142am tylko po 1 szt. z ka\u017cdego koloru!\u00a0<\/strong><\/p>\n<p data-start=\"0\" data-end=\"144\"><strong data-start=\"306\" data-end=\"356\">Fason: OVERSIZE <\/strong><\/p>\n<p data-start=\"0\" data-end=\"144\">czyli S\u2013L (spokojnie do ma\u0142ego XL)<\/p>\n<p data-start=\"0\" data-end=\"144\">Wymiary mierzone na p\u0142asko<br data-start=\"356\" data-end=\"359\" \/>\u2022 Ramiona: 53 cm<br data-start=\"375\" data-end=\"378\" \/>\u2022 Szeroko\u015b\u0107 pod pachami (na p\u0142asko): 59 cm<br data-start=\"420\" data-end=\"423\" \/>\u2192 ok. 118 cm w obwodzie<br data-start=\"448\" data-end=\"451\" \/>\u2022 D\u0142ugo\u015b\u0107 ca\u0142kowita: 77 cm<\/p>","protected":false},"featured_media":21087,"template":"","meta":{"inline_featured_image":false},"product_brand":[],"product_cat":[752,80,158],"product_tag":[561,451,466,519,464,468,135],"class_list":{"0":"post-21085","1":"product","2":"type-product","3":"status-publish","4":"has-post-thumbnail","6":"product_cat-promocje","7":"product_cat-ubrania","8":"product_cat-bluzki","9":"product_tag-bluzka","10":"product_tag-bogini","11":"product_tag-boho","12":"product_tag-boho-style","13":"product_tag-etno","14":"product_tag-kobieta","15":"product_tag-women","17":"first","18":"instock","19":"sale","20":"taxable","21":"shipping-taxable","22":"purchasable","23":"product-type-simple"},"imagesv2":{"thumb_square":"https:\/\/laparica.eu\/wp-content\/uploads\/2026\/02\/jasno-niebieska-400x400.png","large":"https:\/\/laparica.eu\/wp-content\/uploads\/2026\/02\/jasno-niebieska-683x1024.png"},"_links":{"self":[{"href":"https:\/\/laparica.eu\/en\/wp-json\/wp\/v2\/product\/21085","targetHints":{"allow":["GET"]}}],"collection":[{"href":"https:\/\/laparica.eu\/en\/wp-json\/wp\/v2\/product"}],"about":[{"href":"https:\/\/laparica.eu\/en\/wp-json\/wp\/v2\/types\/product"}],"wp:featuredmedia":[{"embeddable":true,"href":"https:\/\/laparica.eu\/en\/wp-json\/wp\/v2\/media\/21087"}],"wp:attachment":[{"href":"https:\/\/laparica.eu\/en\/wp-json\/wp\/v2\/media?parent=21085"}],"wp:term":[{"taxonomy":"product_brand","embeddable":true,"href":"https:\/\/laparica.eu\/en\/wp-json\/wp\/v2\/product_brand?post=21085"},{"taxonomy":"product_cat","embeddable":true,"href":"https:\/\/laparica.eu\/en\/wp-json\/wp\/v2\/product_cat?post=21085"},{"taxonomy":"product_tag","embeddable":true,"href":"https:\/\/laparica.eu\/en\/wp-json\/wp\/v2\/product_tag?post=21085"}],"curies":[{"name":"wp","href":"https:\/\/api.w.org\/{rel}","templated":true}]}}