{"id":2670,"date":"2021-06-11T21:38:03","date_gmt":"2021-06-11T19:38:03","guid":{"rendered":"http:\/\/laparica.eu\/product\/szamanski-beben-syberyjski-50-cm-salamandra-i-waz\/"},"modified":"2022-08-22T15:23:32","modified_gmt":"2022-08-22T13:23:32","slug":"szamanski-beben-syberyjski-50-cm-salamandra-i-waz","status":"publish","type":"product","link":"https:\/\/laparica.eu\/en\/product\/szamanski-beben-syberyjski-50-cm-salamandra-i-waz\/","title":{"rendered":"Siberian shamanic drum 50 cm - SALAMANDRA AND SNAKE"},"content":{"rendered":"<h2><strong>Shaman drums - why should you have them?<\/strong><\/h2>\n<p><span style=\"font-weight: 400;\">Shamanic drums <\/span><span style=\"font-weight: 400;\">are used in traditional ceremonies to <\/span><b>trance induction, invocation of good spirits, concentration and purification<\/b><span style=\"font-weight: 400;\">. They can be used not only by shamans, but also by therapists or any person who wants to <\/span><b>find the right rhythm during meditation or support ecstatic dancing or singing<\/b><span style=\"font-weight: 400;\"> group. The sounds of the shamanic drum affect not only the person playing the instrument, but also the listeners in two ways: first <\/span><b>using vibrations that affect the human body<\/b><span style=\"font-weight: 400;\">, <\/span><span style=\"font-weight: 400;\">Secondly, because of the rhythm that harmonizes brain function.\u00a0<\/span><\/p>\n<p><span style=\"font-weight: 400;\">Each shamanic drum from the Laparica store is handmade with the highest quality materials by the best craftsmen coming from the Siberian tradition. It consists of a frame made of wood, prepared <\/span><b>carved by a craftsman from Ukraine<\/b><span style=\"font-weight: 400;\">whose grandfather and great-grandfather also made drums, and from a natural goatskin string, <\/span><b>imported from high-end specialists in Pakistan<\/b><span style=\"font-weight: 400;\">. Each drum is the work of several people who are masters in their field and who do their work with love. Included is a beater with a leather covered head. The intricately carved handles of the shamanic drum allow you to choose a model that <\/span><b>best applies to your intentions or your Power Animal<\/b><span style=\"font-weight: 400;\">.<\/span><\/p>\n<p><em>Nie ma tu Twojego Zwierz\u0119cia Mocy lub symbolu? Mo\u017cemy zrobi\u0107 b\u0119ben na zam\u00f3wienie. Napisz do nas na info@laparica.eu.<\/em><\/p>","protected":false},"excerpt":{"rendered":"<h2><b>Salamander and Snake<\/b><\/h2>\n<p><span style=\"font-weight: 400;\">Salamander as a Power Animal<\/span><b> symbolizes the ability to regenerate, rebirth and believe in the future<\/b><span style=\"font-weight: 400;\">. Associated with the element of fire, it is associated with optimism, hope, passions, and delight in life. The snake is strongly <\/span><b>associated with shamanism, balancing on the border between life and death<\/b><span style=\"font-weight: 400;\">. Like the Salamander, the Serpent also has the ability to self-regulate and renew itself. If you need support, not only in crisis moments in life, the shamanic drum with the Salamander and Snake totem will be the perfect choice.<\/span><\/p>\n<p><span style=\"color: #ff0000;\"><strong>Each drum is created by hand, so the lead time is up to 60 working days after payment of the order.<\/strong><\/span><\/p>","protected":false},"featured_media":2667,"template":"","meta":{"inline_featured_image":false},"product_brand":[],"product_cat":[15],"product_tag":[482,480,489,484,485,486,490,491,495,496,500],"class_list":{"0":"post-2670","1":"product","2":"type-product","3":"status-publish","4":"has-post-thumbnail","6":"product_cat-uncategorized","7":"product_tag-beben-syberyjski","8":"product_tag-beben-szamanski","9":"product_tag-hand-made","10":"product_tag-music-healing","11":"product_tag-music-therapy","12":"product_tag-muzyka","13":"product_tag-na-zamowienie","14":"product_tag-praca-rzemieslnicza","15":"product_tag-salamandra","16":"product_tag-waz","17":"product_tag-zwierzeta-mocy","19":"first","20":"onbackorder","21":"taxable","22":"shipping-taxable","23":"purchasable","24":"product-type-simple"},"imagesv2":{"thumb_square":"https:\/\/laparica.eu\/wp-content\/uploads\/2021\/06\/il_794xN.2917309133_fmny-400x400.jpg","large":"https:\/\/laparica.eu\/wp-content\/uploads\/2021\/06\/il_794xN.2917309133_fmny-768x1024.jpg"},"_links":{"self":[{"href":"https:\/\/laparica.eu\/en\/wp-json\/wp\/v2\/product\/2670","targetHints":{"allow":["GET"]}}],"collection":[{"href":"https:\/\/laparica.eu\/en\/wp-json\/wp\/v2\/product"}],"about":[{"href":"https:\/\/laparica.eu\/en\/wp-json\/wp\/v2\/types\/product"}],"wp:featuredmedia":[{"embeddable":true,"href":"https:\/\/laparica.eu\/en\/wp-json\/wp\/v2\/media\/2667"}],"wp:attachment":[{"href":"https:\/\/laparica.eu\/en\/wp-json\/wp\/v2\/media?parent=2670"}],"wp:term":[{"taxonomy":"product_brand","embeddable":true,"href":"https:\/\/laparica.eu\/en\/wp-json\/wp\/v2\/product_brand?post=2670"},{"taxonomy":"product_cat","embeddable":true,"href":"https:\/\/laparica.eu\/en\/wp-json\/wp\/v2\/product_cat?post=2670"},{"taxonomy":"product_tag","embeddable":true,"href":"https:\/\/laparica.eu\/en\/wp-json\/wp\/v2\/product_tag?post=2670"}],"curies":[{"name":"wp","href":"https:\/\/api.w.org\/{rel}","templated":true}]}}