{"id":6556,"date":"2021-09-30T14:20:16","date_gmt":"2021-09-30T12:20:16","guid":{"rendered":"https:\/\/laparica.eu\/?post_type=product&#038;p=6556"},"modified":"2026-02-20T19:33:37","modified_gmt":"2026-02-20T18:33:37","slug":"sukienka-tie-dye-lila","status":"publish","type":"product","link":"https:\/\/laparica.eu\/en\/product\/sukienka-tie-dye-lila\/","title":{"rendered":"TIE DYE LILA Dress"},"content":{"rendered":"<h2><b>Thailand clothing collection - why is it so special?<\/b><\/h2>\n<p>Do you know that everything you put on yourself creates a beautiful, authentic story about you? <b>Make your clothes not only comfortable and fit you <\/b>- Let them become your personal manifesto that allows you to carry your good intentions, energy and potential into the world without words. I don't know if you will agree with me, but in my opinion nothing works like colors and <b>Nothing has as much power as handmade things made from the highest quality materials<\/b>. That's why in my store Laparica you will find a collection created from beginning to end in Thailand, imbued with the unique atmosphere of this place and the energy of the people who with their own hands refine every detail of the clothes that I order for you.<\/p>\n<p>What sets them apart?<b> To say it all, is ... to say far too little.<\/b> One at a time:Unique tie-dye, saturated colors and unique cuts that will work for all situations in your life, from a weekend out of town or a festival to a coffee with friends. Plus exquisite materials: rayon (called a nobler variety of viscose) and 100% cotton. These dresses, jumpsuits, tops and skirts<b> you will wear with pleasure feeling how they affect your mood<\/b>. I check it out on myself every day because I am a loyal fan of this collection!<\/p>\n<p>&nbsp;<\/p>","protected":false},"excerpt":{"rendered":"<p>Barwiona sukienka maxi jest szalenie efektowna, a jednocze\u015bnie wygodna, przewiewna i niekr\u0119puj\u0105ca ruch\u00f3w. Subtelnie <b>podkre\u015bla przy tym kobiec\u0105 sylwetk\u0119, eksponuj\u0105c dekolt i tali\u0119<\/b>. Unique tie-dye gives each dress a unique charm and<b> Saturated colors will transform your closet<\/b>. Jak j\u0105 nosi\u0107? Solo albo z tym, co ju\u017c masz w swojej szafie: mi\u0119kkim swetrem, ramonesk\u0105, dwustronnym szalem tybeta\u0144skim ze sklepu Laparica. Materia\u0142: 100% rayon.<\/p>\n<p>Size: One size \/ Universal<\/p>","protected":false},"featured_media":6577,"template":"","meta":{"inline_featured_image":false},"product_brand":[],"product_cat":[752,80,81],"product_tag":[466,467,469,464,468,463,135],"class_list":{"0":"post-6556","1":"product","2":"type-product","3":"status-publish","4":"has-post-thumbnail","6":"product_cat-promocje","7":"product_cat-ubrania","8":"product_cat-sukienki","9":"product_tag-boho","10":"product_tag-bohostyle","11":"product_tag-dress","12":"product_tag-etno","13":"product_tag-kobieta","14":"product_tag-sukienka","15":"product_tag-women","17":"first","18":"outofstock","19":"sale","20":"taxable","21":"shipping-taxable","22":"purchasable","23":"product-type-simple"},"imagesv2":{"thumb_square":"https:\/\/laparica.eu\/wp-content\/uploads\/2021\/09\/DSC_6407-400x400.jpg","large":"https:\/\/laparica.eu\/wp-content\/uploads\/2021\/09\/DSC_6407-683x1024.jpg"},"_links":{"self":[{"href":"https:\/\/laparica.eu\/en\/wp-json\/wp\/v2\/product\/6556","targetHints":{"allow":["GET"]}}],"collection":[{"href":"https:\/\/laparica.eu\/en\/wp-json\/wp\/v2\/product"}],"about":[{"href":"https:\/\/laparica.eu\/en\/wp-json\/wp\/v2\/types\/product"}],"wp:featuredmedia":[{"embeddable":true,"href":"https:\/\/laparica.eu\/en\/wp-json\/wp\/v2\/media\/6577"}],"wp:attachment":[{"href":"https:\/\/laparica.eu\/en\/wp-json\/wp\/v2\/media?parent=6556"}],"wp:term":[{"taxonomy":"product_brand","embeddable":true,"href":"https:\/\/laparica.eu\/en\/wp-json\/wp\/v2\/product_brand?post=6556"},{"taxonomy":"product_cat","embeddable":true,"href":"https:\/\/laparica.eu\/en\/wp-json\/wp\/v2\/product_cat?post=6556"},{"taxonomy":"product_tag","embeddable":true,"href":"https:\/\/laparica.eu\/en\/wp-json\/wp\/v2\/product_tag?post=6556"}],"curies":[{"name":"wp","href":"https:\/\/api.w.org\/{rel}","templated":true}]}}